{"id":1566,"date":"2024-03-28T01:24:04","date_gmt":"2024-03-28T04:24:04","guid":{"rendered":"https:\/\/tssctambores.com.br\/tssc\/?post_type=product&#038;p=1566"},"modified":"2024-03-28T01:24:04","modified_gmt":"2024-03-28T04:24:04","slug":"bombonas-plasticas-menores-30-25-20-litros","status":"publish","type":"product","link":"https:\/\/tssctambores.com.br\/tssc\/produto\/bombonas-plasticas-menores-30-25-20-litros\/","title":{"rendered":"Bombonas Pl\u00e1sticas Menores: 30, 25, 20 Litros"},"content":{"rendered":"<ul>\n<li><strong>Material:<\/strong> Polietileno de Alta Densidade (PEAD)<\/li>\n<li><strong>Capacidades:<\/strong> 30, 25, 20 Litros<\/li>\n<li><strong>Caracter\u00edsticas:<\/strong>\n<ul>\n<li>Ideal para armazenar pequenas quantidades de produtos<\/li>\n<li>Variedade de formatos e al\u00e7as para facilitar o transporte<\/li>\n<li>Dispon\u00edveis no estado ou lavadas<\/li>\n<\/ul>\n<\/li>\n<\/ul>\n","protected":false},"excerpt":{"rendered":"<p>Material: Polietileno de Alta Densidade (PEAD) Capacidades: 30, 25, 20 Litros Caracter\u00edsticas: Ideal para armazenar pequenas quantidades de produtos Variedade de formatos e al\u00e7as para facilitar o transporte Dispon\u00edveis no estado ou lavadas<\/p>\n","protected":false},"featured_media":1567,"comment_status":"closed","ping_status":"closed","template":"","meta":{"_uag_custom_page_level_css":"","site-sidebar-layout":"default","site-content-layout":"","ast-site-content-layout":"default","site-content-style":"boxed","site-sidebar-style":"boxed","ast-global-header-display":"","ast-banner-title-visibility":"","ast-main-header-display":"","ast-hfb-above-header-display":"","ast-hfb-below-header-display":"","ast-hfb-mobile-header-display":"","site-post-title":"","ast-breadcrumbs-content":"","ast-featured-img":"","footer-sml-layout":"","theme-transparent-header-meta":"default","adv-header-id-meta":"","stick-header-meta":"","header-above-stick-meta":"","header-main-stick-meta":"","header-below-stick-meta":"","astra-migrate-meta-layouts":"set","ast-page-background-enabled":"default","ast-page-background-meta":{"desktop":{"background-color":"var(--ast-global-color-4)","background-image":"","background-repeat":"repeat","background-position":"center center","background-size":"auto","background-attachment":"scroll","background-type":"","background-media":"","overlay-type":"","overlay-color":"","overlay-opacity":"","overlay-gradient":""},"tablet":{"background-color":"","background-image":"","background-repeat":"repeat","background-position":"center center","background-size":"auto","background-attachment":"scroll","background-type":"","background-media":"","overlay-type":"","overlay-color":"","overlay-opacity":"","overlay-gradient":""},"mobile":{"background-color":"","background-image":"","background-repeat":"repeat","background-position":"center center","background-size":"auto","background-attachment":"scroll","background-type":"","background-media":"","overlay-type":"","overlay-color":"","overlay-opacity":"","overlay-gradient":""}},"ast-content-background-meta":{"desktop":{"background-color":"var(--ast-global-color-5)","background-image":"","background-repeat":"repeat","background-position":"center center","background-size":"auto","background-attachment":"scroll","background-type":"","background-media":"","overlay-type":"","overlay-color":"","overlay-opacity":"","overlay-gradient":""},"tablet":{"background-color":"var(--ast-global-color-5)","background-image":"","background-repeat":"repeat","background-position":"center center","background-size":"auto","background-attachment":"scroll","background-type":"","background-media":"","overlay-type":"","overlay-color":"","overlay-opacity":"","overlay-gradient":""},"mobile":{"background-color":"var(--ast-global-color-5)","background-image":"","background-repeat":"repeat","background-position":"center center","background-size":"auto","background-attachment":"scroll","background-type":"","background-media":"","overlay-type":"","overlay-color":"","overlay-opacity":"","overlay-gradient":""}},"_joinchat":[]},"product_brand":[],"product_cat":[24],"product_tag":[],"class_list":{"0":"post-1566","1":"product","2":"type-product","3":"status-publish","4":"has-post-thumbnail","6":"product_cat-bombonas","7":"desktop-align-left","8":"tablet-align-left","9":"mobile-align-left","11":"first","12":"instock","13":"shipping-taxable","14":"product-type-simple"},"aioseo_notices":[],"uagb_featured_image_src":{"full":["https:\/\/tssctambores.com.br\/tssc\/wp-content\/uploads\/2024\/03\/bombonas-menores-30-25-20-litros.png",411,210,false],"thumbnail":["https:\/\/tssctambores.com.br\/tssc\/wp-content\/uploads\/2024\/03\/bombonas-menores-30-25-20-litros-150x150.png",150,150,true],"medium":["https:\/\/tssctambores.com.br\/tssc\/wp-content\/uploads\/2024\/03\/bombonas-menores-30-25-20-litros-300x153.png",300,153,true],"medium_large":["https:\/\/tssctambores.com.br\/tssc\/wp-content\/uploads\/2024\/03\/bombonas-menores-30-25-20-litros.png",411,210,false],"large":["https:\/\/tssctambores.com.br\/tssc\/wp-content\/uploads\/2024\/03\/bombonas-menores-30-25-20-litros.png",411,210,false],"1536x1536":["https:\/\/tssctambores.com.br\/tssc\/wp-content\/uploads\/2024\/03\/bombonas-menores-30-25-20-litros.png",411,210,false],"2048x2048":["https:\/\/tssctambores.com.br\/tssc\/wp-content\/uploads\/2024\/03\/bombonas-menores-30-25-20-litros.png",411,210,false],"woocommerce_thumbnail":["https:\/\/tssctambores.com.br\/tssc\/wp-content\/uploads\/2024\/03\/bombonas-menores-30-25-20-litros-300x210.png",300,210,true],"woocommerce_single":["https:\/\/tssctambores.com.br\/tssc\/wp-content\/uploads\/2024\/03\/bombonas-menores-30-25-20-litros.png",411,210,false],"woocommerce_gallery_thumbnail":["https:\/\/tssctambores.com.br\/tssc\/wp-content\/uploads\/2024\/03\/bombonas-menores-30-25-20-litros-100x100.png",100,100,true]},"uagb_author_info":{"display_name":"wordpress.tssctambores.com","author_link":"https:\/\/tssctambores.com.br\/tssc\/author\/"},"uagb_comment_info":0,"uagb_excerpt":"Material: Polietileno de Alta Densidade (PEAD) Capacidades: 30, 25, 20 Litros Caracter\u00edsticas: Ideal para armazenar pequenas quantidades de produtos Variedade de formatos e al\u00e7as para facilitar o transporte Dispon\u00edveis no estado ou lavadas","_links":{"self":[{"href":"https:\/\/tssctambores.com.br\/tssc\/wp-json\/wp\/v2\/product\/1566","targetHints":{"allow":["GET"]}}],"collection":[{"href":"https:\/\/tssctambores.com.br\/tssc\/wp-json\/wp\/v2\/product"}],"about":[{"href":"https:\/\/tssctambores.com.br\/tssc\/wp-json\/wp\/v2\/types\/product"}],"replies":[{"embeddable":true,"href":"https:\/\/tssctambores.com.br\/tssc\/wp-json\/wp\/v2\/comments?post=1566"}],"wp:featuredmedia":[{"embeddable":true,"href":"https:\/\/tssctambores.com.br\/tssc\/wp-json\/wp\/v2\/media\/1567"}],"wp:attachment":[{"href":"https:\/\/tssctambores.com.br\/tssc\/wp-json\/wp\/v2\/media?parent=1566"}],"wp:term":[{"taxonomy":"product_brand","embeddable":true,"href":"https:\/\/tssctambores.com.br\/tssc\/wp-json\/wp\/v2\/product_brand?post=1566"},{"taxonomy":"product_cat","embeddable":true,"href":"https:\/\/tssctambores.com.br\/tssc\/wp-json\/wp\/v2\/product_cat?post=1566"},{"taxonomy":"product_tag","embeddable":true,"href":"https:\/\/tssctambores.com.br\/tssc\/wp-json\/wp\/v2\/product_tag?post=1566"}],"curies":[{"name":"wp","href":"https:\/\/api.w.org\/{rel}","templated":true}]}}