{"id":1530,"date":"2024-03-27T23:51:41","date_gmt":"2024-03-28T02:51:41","guid":{"rendered":"https:\/\/tssctambores.com.br\/tssc\/?post_type=product&#038;p=1530"},"modified":"2024-03-27T23:51:42","modified_gmt":"2024-03-28T02:51:42","slug":"aro-parafusado-para-tambores-de-200-litros","status":"publish","type":"product","link":"https:\/\/tssctambores.com.br\/tssc\/produto\/aro-parafusado-para-tambores-de-200-litros\/","title":{"rendered":"Aro Parafusado para Tambores de 200 Litros"},"content":{"rendered":"<ul>\n<li><strong>Material:<\/strong> Chapa de A\u00e7o<\/li>\n<li><strong>Caracter\u00edsticas:<\/strong>\n<ul>\n<li>Fabricados em chapa de a\u00e7o dur\u00e1vel<\/li>\n<li>Oferecem \u00f3tima fixa\u00e7\u00e3o com um custo baixo, proporcionando excelente custo-benef\u00edcio.<\/li>\n<\/ul>\n<\/li>\n<\/ul>\n","protected":false},"excerpt":{"rendered":"<p>Material: Chapa de A\u00e7o Caracter\u00edsticas: Fabricados em chapa de a\u00e7o dur\u00e1vel Oferecem \u00f3tima fixa\u00e7\u00e3o com um custo baixo, proporcionando excelente custo-benef\u00edcio.<\/p>\n","protected":false},"featured_media":1531,"comment_status":"closed","ping_status":"closed","template":"","meta":{"_uag_custom_page_level_css":"","site-sidebar-layout":"default","site-content-layout":"","ast-site-content-layout":"default","site-content-style":"boxed","site-sidebar-style":"boxed","ast-global-header-display":"","ast-banner-title-visibility":"","ast-main-header-display":"","ast-hfb-above-header-display":"","ast-hfb-below-header-display":"","ast-hfb-mobile-header-display":"","site-post-title":"","ast-breadcrumbs-content":"","ast-featured-img":"","footer-sml-layout":"","theme-transparent-header-meta":"default","adv-header-id-meta":"","stick-header-meta":"","header-above-stick-meta":"","header-main-stick-meta":"","header-below-stick-meta":"","astra-migrate-meta-layouts":"set","ast-page-background-enabled":"default","ast-page-background-meta":{"desktop":{"background-color":"var(--ast-global-color-4)","background-image":"","background-repeat":"repeat","background-position":"center center","background-size":"auto","background-attachment":"scroll","background-type":"","background-media":"","overlay-type":"","overlay-color":"","overlay-opacity":"","overlay-gradient":""},"tablet":{"background-color":"","background-image":"","background-repeat":"repeat","background-position":"center center","background-size":"auto","background-attachment":"scroll","background-type":"","background-media":"","overlay-type":"","overlay-color":"","overlay-opacity":"","overlay-gradient":""},"mobile":{"background-color":"","background-image":"","background-repeat":"repeat","background-position":"center center","background-size":"auto","background-attachment":"scroll","background-type":"","background-media":"","overlay-type":"","overlay-color":"","overlay-opacity":"","overlay-gradient":""}},"ast-content-background-meta":{"desktop":{"background-color":"var(--ast-global-color-5)","background-image":"","background-repeat":"repeat","background-position":"center center","background-size":"auto","background-attachment":"scroll","background-type":"","background-media":"","overlay-type":"","overlay-color":"","overlay-opacity":"","overlay-gradient":""},"tablet":{"background-color":"var(--ast-global-color-5)","background-image":"","background-repeat":"repeat","background-position":"center center","background-size":"auto","background-attachment":"scroll","background-type":"","background-media":"","overlay-type":"","overlay-color":"","overlay-opacity":"","overlay-gradient":""},"mobile":{"background-color":"var(--ast-global-color-5)","background-image":"","background-repeat":"repeat","background-position":"center center","background-size":"auto","background-attachment":"scroll","background-type":"","background-media":"","overlay-type":"","overlay-color":"","overlay-opacity":"","overlay-gradient":""}},"_joinchat":[]},"product_brand":[],"product_cat":[23],"product_tag":[],"class_list":{"0":"post-1530","1":"product","2":"type-product","3":"status-publish","4":"has-post-thumbnail","6":"product_cat-tampas-e-aros","7":"desktop-align-left","8":"tablet-align-left","9":"mobile-align-left","11":"first","12":"instock","13":"shipping-taxable","14":"product-type-simple"},"aioseo_notices":[],"uagb_featured_image_src":{"full":["https:\/\/tssctambores.com.br\/tssc\/wp-content\/uploads\/2024\/03\/aro-parafuso-para-tambores-de-200-litros.png",395,264,false],"thumbnail":["https:\/\/tssctambores.com.br\/tssc\/wp-content\/uploads\/2024\/03\/aro-parafuso-para-tambores-de-200-litros-150x150.png",150,150,true],"medium":["https:\/\/tssctambores.com.br\/tssc\/wp-content\/uploads\/2024\/03\/aro-parafuso-para-tambores-de-200-litros-300x201.png",300,201,true],"medium_large":["https:\/\/tssctambores.com.br\/tssc\/wp-content\/uploads\/2024\/03\/aro-parafuso-para-tambores-de-200-litros.png",395,264,false],"large":["https:\/\/tssctambores.com.br\/tssc\/wp-content\/uploads\/2024\/03\/aro-parafuso-para-tambores-de-200-litros.png",395,264,false],"1536x1536":["https:\/\/tssctambores.com.br\/tssc\/wp-content\/uploads\/2024\/03\/aro-parafuso-para-tambores-de-200-litros.png",395,264,false],"2048x2048":["https:\/\/tssctambores.com.br\/tssc\/wp-content\/uploads\/2024\/03\/aro-parafuso-para-tambores-de-200-litros.png",395,264,false],"woocommerce_thumbnail":["https:\/\/tssctambores.com.br\/tssc\/wp-content\/uploads\/2024\/03\/aro-parafuso-para-tambores-de-200-litros-300x264.png",300,264,true],"woocommerce_single":["https:\/\/tssctambores.com.br\/tssc\/wp-content\/uploads\/2024\/03\/aro-parafuso-para-tambores-de-200-litros.png",395,264,false],"woocommerce_gallery_thumbnail":["https:\/\/tssctambores.com.br\/tssc\/wp-content\/uploads\/2024\/03\/aro-parafuso-para-tambores-de-200-litros-100x100.png",100,100,true]},"uagb_author_info":{"display_name":"wordpress.tssctambores.com","author_link":"https:\/\/tssctambores.com.br\/tssc\/author\/"},"uagb_comment_info":0,"uagb_excerpt":"Material: Chapa de A\u00e7o Caracter\u00edsticas: Fabricados em chapa de a\u00e7o dur\u00e1vel Oferecem \u00f3tima fixa\u00e7\u00e3o com um custo baixo, proporcionando excelente custo-benef\u00edcio.","_links":{"self":[{"href":"https:\/\/tssctambores.com.br\/tssc\/wp-json\/wp\/v2\/product\/1530","targetHints":{"allow":["GET"]}}],"collection":[{"href":"https:\/\/tssctambores.com.br\/tssc\/wp-json\/wp\/v2\/product"}],"about":[{"href":"https:\/\/tssctambores.com.br\/tssc\/wp-json\/wp\/v2\/types\/product"}],"replies":[{"embeddable":true,"href":"https:\/\/tssctambores.com.br\/tssc\/wp-json\/wp\/v2\/comments?post=1530"}],"wp:featuredmedia":[{"embeddable":true,"href":"https:\/\/tssctambores.com.br\/tssc\/wp-json\/wp\/v2\/media\/1531"}],"wp:attachment":[{"href":"https:\/\/tssctambores.com.br\/tssc\/wp-json\/wp\/v2\/media?parent=1530"}],"wp:term":[{"taxonomy":"product_brand","embeddable":true,"href":"https:\/\/tssctambores.com.br\/tssc\/wp-json\/wp\/v2\/product_brand?post=1530"},{"taxonomy":"product_cat","embeddable":true,"href":"https:\/\/tssctambores.com.br\/tssc\/wp-json\/wp\/v2\/product_cat?post=1530"},{"taxonomy":"product_tag","embeddable":true,"href":"https:\/\/tssctambores.com.br\/tssc\/wp-json\/wp\/v2\/product_tag?post=1530"}],"curies":[{"name":"wp","href":"https:\/\/api.w.org\/{rel}","templated":true}]}}