{"id":1511,"date":"2024-03-27T23:33:25","date_gmt":"2024-03-28T02:33:25","guid":{"rendered":"https:\/\/tssctambores.com.br\/tssc\/?post_type=product&#038;p=1511"},"modified":"2024-03-27T23:33:25","modified_gmt":"2024-03-28T02:33:25","slug":"tampa-lisa-convencional-para-tambores-de-200-litros","status":"publish","type":"product","link":"https:\/\/tssctambores.com.br\/tssc\/produto\/tampa-lisa-convencional-para-tambores-de-200-litros\/","title":{"rendered":"Tampa Lisa Convencional para Tambores de 200 Litros"},"content":{"rendered":"<ul>\n<li><strong>Material:<\/strong> Chapas de A\u00e7o<\/li>\n<li><strong>Acabamento:<\/strong> Pintadas com Tinta Esmalte Sint\u00e9tico<\/li>\n<li><strong>Veda\u00e7\u00e3o:<\/strong> Proporciona uma veda\u00e7\u00e3o adequada ao tambor<\/li>\n<\/ul>\n","protected":false},"excerpt":{"rendered":"<p>Material: Chapas de A\u00e7o Acabamento: Pintadas com Tinta Esmalte Sint\u00e9tico Veda\u00e7\u00e3o: Proporciona uma veda\u00e7\u00e3o adequada ao tambor<\/p>\n","protected":false},"featured_media":1512,"comment_status":"closed","ping_status":"closed","template":"","meta":{"_uag_custom_page_level_css":"","site-sidebar-layout":"default","site-content-layout":"","ast-site-content-layout":"default","site-content-style":"boxed","site-sidebar-style":"boxed","ast-global-header-display":"","ast-banner-title-visibility":"","ast-main-header-display":"","ast-hfb-above-header-display":"","ast-hfb-below-header-display":"","ast-hfb-mobile-header-display":"","site-post-title":"","ast-breadcrumbs-content":"","ast-featured-img":"","footer-sml-layout":"","theme-transparent-header-meta":"default","adv-header-id-meta":"","stick-header-meta":"","header-above-stick-meta":"","header-main-stick-meta":"","header-below-stick-meta":"","astra-migrate-meta-layouts":"set","ast-page-background-enabled":"default","ast-page-background-meta":{"desktop":{"background-color":"var(--ast-global-color-4)","background-image":"","background-repeat":"repeat","background-position":"center center","background-size":"auto","background-attachment":"scroll","background-type":"","background-media":"","overlay-type":"","overlay-color":"","overlay-opacity":"","overlay-gradient":""},"tablet":{"background-color":"","background-image":"","background-repeat":"repeat","background-position":"center center","background-size":"auto","background-attachment":"scroll","background-type":"","background-media":"","overlay-type":"","overlay-color":"","overlay-opacity":"","overlay-gradient":""},"mobile":{"background-color":"","background-image":"","background-repeat":"repeat","background-position":"center center","background-size":"auto","background-attachment":"scroll","background-type":"","background-media":"","overlay-type":"","overlay-color":"","overlay-opacity":"","overlay-gradient":""}},"ast-content-background-meta":{"desktop":{"background-color":"var(--ast-global-color-5)","background-image":"","background-repeat":"repeat","background-position":"center center","background-size":"auto","background-attachment":"scroll","background-type":"","background-media":"","overlay-type":"","overlay-color":"","overlay-opacity":"","overlay-gradient":""},"tablet":{"background-color":"var(--ast-global-color-5)","background-image":"","background-repeat":"repeat","background-position":"center center","background-size":"auto","background-attachment":"scroll","background-type":"","background-media":"","overlay-type":"","overlay-color":"","overlay-opacity":"","overlay-gradient":""},"mobile":{"background-color":"var(--ast-global-color-5)","background-image":"","background-repeat":"repeat","background-position":"center center","background-size":"auto","background-attachment":"scroll","background-type":"","background-media":"","overlay-type":"","overlay-color":"","overlay-opacity":"","overlay-gradient":""}},"_joinchat":[]},"product_brand":[],"product_cat":[23],"product_tag":[],"class_list":{"0":"post-1511","1":"product","2":"type-product","3":"status-publish","4":"has-post-thumbnail","6":"product_cat-tampas-e-aros","7":"desktop-align-left","8":"tablet-align-left","9":"mobile-align-left","11":"first","12":"instock","13":"shipping-taxable","14":"product-type-simple"},"aioseo_notices":[],"uagb_featured_image_src":{"full":["https:\/\/tssctambores.com.br\/tssc\/wp-content\/uploads\/2024\/03\/tampa-lista-convencional-para-tambores-de-200-litros.png",353,211,false],"thumbnail":["https:\/\/tssctambores.com.br\/tssc\/wp-content\/uploads\/2024\/03\/tampa-lista-convencional-para-tambores-de-200-litros-150x150.png",150,150,true],"medium":["https:\/\/tssctambores.com.br\/tssc\/wp-content\/uploads\/2024\/03\/tampa-lista-convencional-para-tambores-de-200-litros-300x179.png",300,179,true],"medium_large":["https:\/\/tssctambores.com.br\/tssc\/wp-content\/uploads\/2024\/03\/tampa-lista-convencional-para-tambores-de-200-litros.png",353,211,false],"large":["https:\/\/tssctambores.com.br\/tssc\/wp-content\/uploads\/2024\/03\/tampa-lista-convencional-para-tambores-de-200-litros.png",353,211,false],"1536x1536":["https:\/\/tssctambores.com.br\/tssc\/wp-content\/uploads\/2024\/03\/tampa-lista-convencional-para-tambores-de-200-litros.png",353,211,false],"2048x2048":["https:\/\/tssctambores.com.br\/tssc\/wp-content\/uploads\/2024\/03\/tampa-lista-convencional-para-tambores-de-200-litros.png",353,211,false],"woocommerce_thumbnail":["https:\/\/tssctambores.com.br\/tssc\/wp-content\/uploads\/2024\/03\/tampa-lista-convencional-para-tambores-de-200-litros-300x211.png",300,211,true],"woocommerce_single":["https:\/\/tssctambores.com.br\/tssc\/wp-content\/uploads\/2024\/03\/tampa-lista-convencional-para-tambores-de-200-litros.png",353,211,false],"woocommerce_gallery_thumbnail":["https:\/\/tssctambores.com.br\/tssc\/wp-content\/uploads\/2024\/03\/tampa-lista-convencional-para-tambores-de-200-litros-100x100.png",100,100,true]},"uagb_author_info":{"display_name":"wordpress.tssctambores.com","author_link":"https:\/\/tssctambores.com.br\/tssc\/author\/"},"uagb_comment_info":0,"uagb_excerpt":"Material: Chapas de A\u00e7o Acabamento: Pintadas com Tinta Esmalte Sint\u00e9tico Veda\u00e7\u00e3o: Proporciona uma veda\u00e7\u00e3o adequada ao tambor","_links":{"self":[{"href":"https:\/\/tssctambores.com.br\/tssc\/wp-json\/wp\/v2\/product\/1511","targetHints":{"allow":["GET"]}}],"collection":[{"href":"https:\/\/tssctambores.com.br\/tssc\/wp-json\/wp\/v2\/product"}],"about":[{"href":"https:\/\/tssctambores.com.br\/tssc\/wp-json\/wp\/v2\/types\/product"}],"replies":[{"embeddable":true,"href":"https:\/\/tssctambores.com.br\/tssc\/wp-json\/wp\/v2\/comments?post=1511"}],"wp:featuredmedia":[{"embeddable":true,"href":"https:\/\/tssctambores.com.br\/tssc\/wp-json\/wp\/v2\/media\/1512"}],"wp:attachment":[{"href":"https:\/\/tssctambores.com.br\/tssc\/wp-json\/wp\/v2\/media?parent=1511"}],"wp:term":[{"taxonomy":"product_brand","embeddable":true,"href":"https:\/\/tssctambores.com.br\/tssc\/wp-json\/wp\/v2\/product_brand?post=1511"},{"taxonomy":"product_cat","embeddable":true,"href":"https:\/\/tssctambores.com.br\/tssc\/wp-json\/wp\/v2\/product_cat?post=1511"},{"taxonomy":"product_tag","embeddable":true,"href":"https:\/\/tssctambores.com.br\/tssc\/wp-json\/wp\/v2\/product_tag?post=1511"}],"curies":[{"name":"wp","href":"https:\/\/api.w.org\/{rel}","templated":true}]}}