{"id":1475,"date":"2024-03-27T22:24:14","date_gmt":"2024-03-28T01:24:14","guid":{"rendered":"https:\/\/tssctambores.com.br\/tssc\/?post_type=product&#038;p=1475"},"modified":"2024-03-27T23:29:49","modified_gmt":"2024-03-28T02:29:49","slug":"tambor-de-aco-200-litros-com-tampa-removivel-tr","status":"publish","type":"product","link":"https:\/\/tssctambores.com.br\/tssc\/produto\/tambor-de-aco-200-litros-com-tampa-removivel-tr\/","title":{"rendered":"Tambor de A\u00e7o 200 Litros com Tampa Remov\u00edvel (TR)"},"content":{"rendered":"<p><strong>Tambor de A\u00e7o 200 Litros com Tampa Remov\u00edvel (TR)<\/strong><\/p>\n<ul>\n<li><strong>Dimens\u00f5es:<\/strong> Altura: 850mm (\u00b15mm), Di\u00e2metro: 590mm (\u00b15mm)<\/li>\n<li><strong>Revestimento Externo:<\/strong> Esmalte Sint\u00e9tico (cor personaliz\u00e1vel)<\/li>\n<li><strong>Revestimento Interno:<\/strong> Esmalte Sint\u00e9tico, \u00d3leo Resinoso (n\u00e3o t\u00f3xico), Na Chapa, Ep\u00f3xi ou Pintura (PRIMER)<\/li>\n<\/ul>\n","protected":false},"excerpt":{"rendered":"<p>Tambor de A\u00e7o 200 Litros com Tampa Remov\u00edvel (TR) Dimens\u00f5es: Altura: 850mm (\u00b15mm), Di\u00e2metro: 590mm (\u00b15mm) Revestimento Externo: Esmalte Sint\u00e9tico (cor personaliz\u00e1vel) Revestimento Interno: Esmalte Sint\u00e9tico, \u00d3leo Resinoso (n\u00e3o t\u00f3xico), Na Chapa, Ep\u00f3xi ou Pintura (PRIMER)<\/p>\n","protected":false},"featured_media":1476,"comment_status":"closed","ping_status":"closed","template":"","meta":{"_uag_custom_page_level_css":"","site-sidebar-layout":"default","site-content-layout":"","ast-site-content-layout":"default","site-content-style":"boxed","site-sidebar-style":"boxed","ast-global-header-display":"","ast-banner-title-visibility":"","ast-main-header-display":"","ast-hfb-above-header-display":"","ast-hfb-below-header-display":"","ast-hfb-mobile-header-display":"","site-post-title":"","ast-breadcrumbs-content":"","ast-featured-img":"","footer-sml-layout":"","theme-transparent-header-meta":"default","adv-header-id-meta":"","stick-header-meta":"","header-above-stick-meta":"","header-main-stick-meta":"","header-below-stick-meta":"","astra-migrate-meta-layouts":"set","ast-page-background-enabled":"default","ast-page-background-meta":{"desktop":{"background-color":"var(--ast-global-color-4)","background-image":"","background-repeat":"repeat","background-position":"center center","background-size":"auto","background-attachment":"scroll","background-type":"","background-media":"","overlay-type":"","overlay-color":"","overlay-opacity":"","overlay-gradient":""},"tablet":{"background-color":"","background-image":"","background-repeat":"repeat","background-position":"center center","background-size":"auto","background-attachment":"scroll","background-type":"","background-media":"","overlay-type":"","overlay-color":"","overlay-opacity":"","overlay-gradient":""},"mobile":{"background-color":"","background-image":"","background-repeat":"repeat","background-position":"center center","background-size":"auto","background-attachment":"scroll","background-type":"","background-media":"","overlay-type":"","overlay-color":"","overlay-opacity":"","overlay-gradient":""}},"ast-content-background-meta":{"desktop":{"background-color":"var(--ast-global-color-5)","background-image":"","background-repeat":"repeat","background-position":"center center","background-size":"auto","background-attachment":"scroll","background-type":"","background-media":"","overlay-type":"","overlay-color":"","overlay-opacity":"","overlay-gradient":""},"tablet":{"background-color":"var(--ast-global-color-5)","background-image":"","background-repeat":"repeat","background-position":"center center","background-size":"auto","background-attachment":"scroll","background-type":"","background-media":"","overlay-type":"","overlay-color":"","overlay-opacity":"","overlay-gradient":""},"mobile":{"background-color":"var(--ast-global-color-5)","background-image":"","background-repeat":"repeat","background-position":"center center","background-size":"auto","background-attachment":"scroll","background-type":"","background-media":"","overlay-type":"","overlay-color":"","overlay-opacity":"","overlay-gradient":""}},"_joinchat":[]},"product_brand":[],"product_cat":[22],"product_tag":[],"class_list":{"0":"post-1475","1":"product","2":"type-product","3":"status-publish","4":"has-post-thumbnail","6":"product_cat-tambores","7":"desktop-align-left","8":"tablet-align-left","9":"mobile-align-left","11":"first","12":"instock","13":"shipping-taxable","14":"product-type-simple"},"aioseo_notices":[],"uagb_featured_image_src":{"full":["https:\/\/tssctambores.com.br\/tssc\/wp-content\/uploads\/2024\/03\/tambor-vermelho-TR.png",202,299,false],"thumbnail":["https:\/\/tssctambores.com.br\/tssc\/wp-content\/uploads\/2024\/03\/tambor-vermelho-TR-150x150.png",150,150,true],"medium":["https:\/\/tssctambores.com.br\/tssc\/wp-content\/uploads\/2024\/03\/tambor-vermelho-TR.png",202,299,false],"medium_large":["https:\/\/tssctambores.com.br\/tssc\/wp-content\/uploads\/2024\/03\/tambor-vermelho-TR.png",202,299,false],"large":["https:\/\/tssctambores.com.br\/tssc\/wp-content\/uploads\/2024\/03\/tambor-vermelho-TR.png",202,299,false],"1536x1536":["https:\/\/tssctambores.com.br\/tssc\/wp-content\/uploads\/2024\/03\/tambor-vermelho-TR.png",202,299,false],"2048x2048":["https:\/\/tssctambores.com.br\/tssc\/wp-content\/uploads\/2024\/03\/tambor-vermelho-TR.png",202,299,false],"woocommerce_thumbnail":["https:\/\/tssctambores.com.br\/tssc\/wp-content\/uploads\/2024\/03\/tambor-vermelho-TR.png",202,299,false],"woocommerce_single":["https:\/\/tssctambores.com.br\/tssc\/wp-content\/uploads\/2024\/03\/tambor-vermelho-TR.png",202,299,false],"woocommerce_gallery_thumbnail":["https:\/\/tssctambores.com.br\/tssc\/wp-content\/uploads\/2024\/03\/tambor-vermelho-TR-100x100.png",100,100,true]},"uagb_author_info":{"display_name":"wordpress.tssctambores.com","author_link":"https:\/\/tssctambores.com.br\/tssc\/author\/"},"uagb_comment_info":0,"uagb_excerpt":"Tambor de A\u00e7o 200 Litros com Tampa Remov\u00edvel (TR) Dimens\u00f5es: Altura: 850mm (\u00b15mm), Di\u00e2metro: 590mm (\u00b15mm) Revestimento Externo: Esmalte Sint\u00e9tico (cor personaliz\u00e1vel) Revestimento Interno: Esmalte Sint\u00e9tico, \u00d3leo Resinoso (n\u00e3o t\u00f3xico), Na Chapa, Ep\u00f3xi ou Pintura (PRIMER)","_links":{"self":[{"href":"https:\/\/tssctambores.com.br\/tssc\/wp-json\/wp\/v2\/product\/1475","targetHints":{"allow":["GET"]}}],"collection":[{"href":"https:\/\/tssctambores.com.br\/tssc\/wp-json\/wp\/v2\/product"}],"about":[{"href":"https:\/\/tssctambores.com.br\/tssc\/wp-json\/wp\/v2\/types\/product"}],"replies":[{"embeddable":true,"href":"https:\/\/tssctambores.com.br\/tssc\/wp-json\/wp\/v2\/comments?post=1475"}],"wp:featuredmedia":[{"embeddable":true,"href":"https:\/\/tssctambores.com.br\/tssc\/wp-json\/wp\/v2\/media\/1476"}],"wp:attachment":[{"href":"https:\/\/tssctambores.com.br\/tssc\/wp-json\/wp\/v2\/media?parent=1475"}],"wp:term":[{"taxonomy":"product_brand","embeddable":true,"href":"https:\/\/tssctambores.com.br\/tssc\/wp-json\/wp\/v2\/product_brand?post=1475"},{"taxonomy":"product_cat","embeddable":true,"href":"https:\/\/tssctambores.com.br\/tssc\/wp-json\/wp\/v2\/product_cat?post=1475"},{"taxonomy":"product_tag","embeddable":true,"href":"https:\/\/tssctambores.com.br\/tssc\/wp-json\/wp\/v2\/product_tag?post=1475"}],"curies":[{"name":"wp","href":"https:\/\/api.w.org\/{rel}","templated":true}]}}