{"id":1473,"date":"2024-03-27T22:14:31","date_gmt":"2024-03-28T01:14:31","guid":{"rendered":"https:\/\/tssctambores.com.br\/tssc\/?post_type=product&#038;p=1473"},"modified":"2024-03-27T23:26:28","modified_gmt":"2024-03-28T02:26:28","slug":"tambor-silk-screen","status":"publish","type":"product","link":"https:\/\/tssctambores.com.br\/tssc\/produto\/tambor-silk-screen\/","title":{"rendered":"Tambor de A\u00e7o 200 Litros com Aplica\u00e7\u00e3o de Silk-Screen"},"content":{"rendered":"<div class=\"w-full text-token-text-primary\" data-testid=\"conversation-turn-15\">\n<div class=\"px-4 py-2 justify-center text-base md:gap-6 m-auto\">\n<div class=\"flex flex-1 text-base mx-auto gap-3 md:px-5 lg:px-1 xl:px-5 md:max-w-3xl lg:max-w-[40rem] xl:max-w-[48rem] group\">\n<div class=\"relative flex w-full flex-col agent-turn\">\n<div class=\"flex-col gap-1 md:gap-3\">\n<div class=\"flex flex-grow flex-col max-w-full\">\n<div class=\"min-h-[20px] text-message flex flex-col items-start gap-3 whitespace-pre-wrap break-words [.text-message+&amp;]:mt-5 overflow-x-auto\" data-message-author-role=\"assistant\" data-message-id=\"f1f42915-6cdd-4cbe-8b22-33ee9c5d88a6\">\n<div class=\"markdown prose w-full break-words dark:prose-invert dark\">\n<ul>\n<li><strong>Aplica\u00e7\u00e3o de Silk-Screen:<\/strong> Com o logo da sua empresa\n<ul>\n<li>No corpo do tambor<\/li>\n<li>Na tampa do tambor (definidos pelo cliente)<\/li>\n<\/ul>\n<\/li>\n<\/ul>\n<p><strong>Tipos de Tambores Recuperados:<\/strong><\/p>\n<ol>\n<li>Tampa Remov\u00edvel Lisa (aro parafusado)<\/li>\n<li>Tampa Remov\u00edvel Lisa (fecho r\u00e1pido)<\/li>\n<li>Tampa Remov\u00edvel 2 Bocas Lacradas (aro parafusado)<\/li>\n<li>Tampa Remov\u00edvel 2 Bocas Lacradas (fecho-r\u00e1pido)<\/li>\n<li>Tampa Remov\u00edvel Anti-Dengue \u00ae<\/li>\n<li>Tampa Fixa Sem Revestimento Interno, Na Chapa<\/li>\n<li>Tampa Fixa Com Revestimento Interno Em Ep\u00f3xi<\/li>\n<\/ol>\n<p><strong>Caracter\u00edsticas Adicionais:<\/strong><\/p>\n<ul>\n<li>Todos os tambores recuperados possuem pintura externa nova, com cor definida pelo cliente.<\/li>\n<\/ul>\n<\/div>\n<\/div>\n<\/div>\n<\/div>\n<\/div>\n<\/div>\n<\/div>\n<\/div>\n<div class=\"w-full text-token-text-primary\" data-testid=\"conversation-turn-16\">\n<div class=\"px-4 py-2 justify-center text-base md:gap-6 m-auto\">\n<div class=\"flex flex-1 text-base mx-auto gap-3 md:px-5 lg:px-1 xl:px-5 md:max-w-3xl lg:max-w-[40rem] xl:max-w-[48rem] group\">\n<div class=\"flex-shrink-0 flex flex-col relative items-end\">\n<div>\n<div class=\"pt-0.5\">\n<div class=\"gizmo-shadow-stroke flex h-6 w-6 items-center justify-center overflow-hidden rounded-full\"><\/div>\n<\/div>\n<\/div>\n<\/div>\n<\/div>\n<\/div>\n<\/div>\n","protected":false},"excerpt":{"rendered":"<p>Aplica\u00e7\u00e3o de Silk-Screen: Com o logo da sua empresa No corpo do tambor Na tampa do tambor (definidos pelo cliente) Tipos de Tambores Recuperados: Tampa Remov\u00edvel Lisa (aro parafusado) Tampa Remov\u00edvel Lisa (fecho r\u00e1pido) Tampa Remov\u00edvel 2 Bocas Lacradas (aro parafusado) Tampa Remov\u00edvel 2 Bocas Lacradas (fecho-r\u00e1pido) Tampa Remov\u00edvel Anti-Dengue \u00ae Tampa Fixa Sem Revestimento [&hellip;]<\/p>\n","protected":false},"featured_media":1474,"comment_status":"closed","ping_status":"closed","template":"","meta":{"_uag_custom_page_level_css":"","site-sidebar-layout":"no-sidebar","site-content-layout":"","ast-site-content-layout":"normal-width-container","site-content-style":"boxed","site-sidebar-style":"boxed","ast-global-header-display":"","ast-banner-title-visibility":"","ast-main-header-display":"","ast-hfb-above-header-display":"","ast-hfb-below-header-display":"","ast-hfb-mobile-header-display":"","site-post-title":"","ast-breadcrumbs-content":"","ast-featured-img":"","footer-sml-layout":"","theme-transparent-header-meta":"default","adv-header-id-meta":"","stick-header-meta":"","header-above-stick-meta":"","header-main-stick-meta":"","header-below-stick-meta":"","astra-migrate-meta-layouts":"set","ast-page-background-enabled":"default","ast-page-background-meta":{"desktop":{"background-color":"var(--ast-global-color-4)","background-image":"","background-repeat":"repeat","background-position":"center center","background-size":"auto","background-attachment":"scroll","background-type":"","background-media":"","overlay-type":"","overlay-color":"","overlay-opacity":"","overlay-gradient":""},"tablet":{"background-color":"","background-image":"","background-repeat":"repeat","background-position":"center center","background-size":"auto","background-attachment":"scroll","background-type":"","background-media":"","overlay-type":"","overlay-color":"","overlay-opacity":"","overlay-gradient":""},"mobile":{"background-color":"","background-image":"","background-repeat":"repeat","background-position":"center center","background-size":"auto","background-attachment":"scroll","background-type":"","background-media":"","overlay-type":"","overlay-color":"","overlay-opacity":"","overlay-gradient":""}},"ast-content-background-meta":{"desktop":{"background-color":"var(--ast-global-color-5)","background-image":"","background-repeat":"repeat","background-position":"center center","background-size":"auto","background-attachment":"scroll","background-type":"","background-media":"","overlay-type":"","overlay-color":"","overlay-opacity":"","overlay-gradient":""},"tablet":{"background-color":"var(--ast-global-color-5)","background-image":"","background-repeat":"repeat","background-position":"center center","background-size":"auto","background-attachment":"scroll","background-type":"","background-media":"","overlay-type":"","overlay-color":"","overlay-opacity":"","overlay-gradient":""},"mobile":{"background-color":"var(--ast-global-color-5)","background-image":"","background-repeat":"repeat","background-position":"center center","background-size":"auto","background-attachment":"scroll","background-type":"","background-media":"","overlay-type":"","overlay-color":"","overlay-opacity":"","overlay-gradient":""}},"_joinchat":[]},"product_brand":[],"product_cat":[22],"product_tag":[],"class_list":{"0":"post-1473","1":"product","2":"type-product","3":"status-publish","4":"has-post-thumbnail","6":"product_cat-tambores","7":"desktop-align-left","8":"tablet-align-left","9":"mobile-align-left","11":"first","12":"instock","13":"shipping-taxable","14":"product-type-simple"},"aioseo_notices":[],"uagb_featured_image_src":{"full":["https:\/\/tssctambores.com.br\/tssc\/wp-content\/uploads\/2024\/03\/tambor-verde.png",557,732,false],"thumbnail":["https:\/\/tssctambores.com.br\/tssc\/wp-content\/uploads\/2024\/03\/tambor-verde-150x150.png",150,150,true],"medium":["https:\/\/tssctambores.com.br\/tssc\/wp-content\/uploads\/2024\/03\/tambor-verde-228x300.png",228,300,true],"medium_large":["https:\/\/tssctambores.com.br\/tssc\/wp-content\/uploads\/2024\/03\/tambor-verde.png",557,732,false],"large":["https:\/\/tssctambores.com.br\/tssc\/wp-content\/uploads\/2024\/03\/tambor-verde.png",557,732,false],"1536x1536":["https:\/\/tssctambores.com.br\/tssc\/wp-content\/uploads\/2024\/03\/tambor-verde.png",557,732,false],"2048x2048":["https:\/\/tssctambores.com.br\/tssc\/wp-content\/uploads\/2024\/03\/tambor-verde.png",557,732,false],"woocommerce_thumbnail":["https:\/\/tssctambores.com.br\/tssc\/wp-content\/uploads\/2024\/03\/tambor-verde-300x300.png",300,300,true],"woocommerce_single":["https:\/\/tssctambores.com.br\/tssc\/wp-content\/uploads\/2024\/03\/tambor-verde.png",557,732,false],"woocommerce_gallery_thumbnail":["https:\/\/tssctambores.com.br\/tssc\/wp-content\/uploads\/2024\/03\/tambor-verde-100x100.png",100,100,true]},"uagb_author_info":{"display_name":"wordpress.tssctambores.com","author_link":"https:\/\/tssctambores.com.br\/tssc\/author\/"},"uagb_comment_info":0,"uagb_excerpt":"Aplica\u00e7\u00e3o de Silk-Screen: Com o logo da sua empresa No corpo do tambor Na tampa do tambor (definidos pelo cliente) Tipos de Tambores Recuperados: Tampa Remov\u00edvel Lisa (aro parafusado) Tampa Remov\u00edvel Lisa (fecho r\u00e1pido) Tampa Remov\u00edvel 2 Bocas Lacradas (aro parafusado) Tampa Remov\u00edvel 2 Bocas Lacradas (fecho-r\u00e1pido) Tampa Remov\u00edvel Anti-Dengue \u00ae Tampa Fixa Sem Revestimento&hellip;","_links":{"self":[{"href":"https:\/\/tssctambores.com.br\/tssc\/wp-json\/wp\/v2\/product\/1473","targetHints":{"allow":["GET"]}}],"collection":[{"href":"https:\/\/tssctambores.com.br\/tssc\/wp-json\/wp\/v2\/product"}],"about":[{"href":"https:\/\/tssctambores.com.br\/tssc\/wp-json\/wp\/v2\/types\/product"}],"replies":[{"embeddable":true,"href":"https:\/\/tssctambores.com.br\/tssc\/wp-json\/wp\/v2\/comments?post=1473"}],"wp:featuredmedia":[{"embeddable":true,"href":"https:\/\/tssctambores.com.br\/tssc\/wp-json\/wp\/v2\/media\/1474"}],"wp:attachment":[{"href":"https:\/\/tssctambores.com.br\/tssc\/wp-json\/wp\/v2\/media?parent=1473"}],"wp:term":[{"taxonomy":"product_brand","embeddable":true,"href":"https:\/\/tssctambores.com.br\/tssc\/wp-json\/wp\/v2\/product_brand?post=1473"},{"taxonomy":"product_cat","embeddable":true,"href":"https:\/\/tssctambores.com.br\/tssc\/wp-json\/wp\/v2\/product_cat?post=1473"},{"taxonomy":"product_tag","embeddable":true,"href":"https:\/\/tssctambores.com.br\/tssc\/wp-json\/wp\/v2\/product_tag?post=1473"}],"curies":[{"name":"wp","href":"https:\/\/api.w.org\/{rel}","templated":true}]}}