{"id":78,"date":"2022-10-17T07:03:13","date_gmt":"2022-10-17T07:03:13","guid":{"rendered":"https:\/\/tssctambores.com.br\/tssc\/index.php\/home\/"},"modified":"2024-06-10T16:36:16","modified_gmt":"2024-06-10T19:36:16","slug":"home","status":"publish","type":"page","link":"https:\/\/tssctambores.com.br\/tssc\/","title":{"rendered":"Home"},"content":{"rendered":"\n<div class=\"wp-block-uagb-container uagb-block-ebbfa661 default uagb-is-root-container\"><\/div>\n\n\n\n<div class=\"wp-block-uagb-container uagb-block-6c74c064 alignfull uagb-is-root-container\">\n<div class=\"wp-block-uagb-container uagb-block-46e196b4\">\n<h1 class=\"wp-block-heading alignfull has-text-align-center has-ast-global-color-5-color has-text-color has-link-color uag-hide-desktop uag-hide-tab wp-elements-5c4530bff383da44993b1d7288623348\" style=\"margin-top:0;margin-right:0;margin-bottom:0;margin-left:0;font-size:22px\"><strong>A TSSC Tambores foi fundada em 1999 com o compromisso de recuperar tambores de alta qualidade<\/strong> e satisfazer os consumidores mais exigentes, buscando a excel\u00eancia de nossos produtos, servi\u00e7os e uma maior confian\u00e7a de nossos clientes.<\/h1>\n\n\n\n<div class=\"wp-block-uagb-image alignfull uagb-block-45611657 wp-block-uagb-image--layout-default wp-block-uagb-image--effect-static wp-block-uagb-image--align-full alignleft uag-hide-desktop uag-hide-tab\"><figure class=\"wp-block-uagb-image__figure\"><img decoding=\"async\" srcset=\"https:\/\/tssctambores.com.br\/tssc\/wp-content\/uploads\/2024\/03\/Group-38-1-1.png ,https:\/\/tssctambores.com.br\/tssc\/wp-content\/uploads\/2024\/03\/Group-38-1-1.png 780w, https:\/\/tssctambores.com.br\/tssc\/wp-content\/uploads\/2024\/03\/Group-38-1-1.png 360w\" sizes=\"auto, (max-width: 480px) 150px\" src=\"https:\/\/tssctambores.com.br\/tssc\/wp-content\/uploads\/2024\/03\/Group-38-1-1.png\" alt=\"\" class=\"uag-image-935\" width=\"895\" height=\"800\" title=\"Group-38-1-1\" loading=\"lazy\" role=\"img\"\/><\/figure><\/div>\n\n\n\n<h1 class=\"wp-block-heading alignwide has-text-align-left has-ast-global-color-5-color has-text-color has-link-color has-x-large-font-size uag-hide-mob wp-elements-4433b1e42131a85b8be0f7b9387dc87f\" style=\"margin-top:0;margin-right:0;margin-bottom:0;margin-left:0\"><strong>A TSSC Tambores foi fundada em 1999 com o compromisso de recuperar tambores de alta qualidade<\/strong> e satisfazer os consumidores mais exigentes, buscando a excel\u00eancia de nossos produtos, servi\u00e7os e uma maior confian\u00e7a de nossos clientes.<\/h1>\n<\/div>\n\n\n\n<div class=\"wp-block-uagb-container uag-hide-mob uagb-block-40936863\">\n<div class=\"wp-block-uagb-image alignleft uagb-block-20b158f8 wp-block-uagb-image--layout-default wp-block-uagb-image--effect-static wp-block-uagb-image--align-left uag-hide-mob\"><figure class=\"wp-block-uagb-image__figure\"><img decoding=\"async\" srcset=\"https:\/\/tssctambores.com.br\/tssc\/wp-content\/uploads\/2024\/03\/Group-38-1-1.png ,https:\/\/tssctambores.com.br\/tssc\/wp-content\/uploads\/2024\/03\/Group-38-1-1.png 780w, https:\/\/tssctambores.com.br\/tssc\/wp-content\/uploads\/2024\/03\/Group-38-1-1.png 360w\" sizes=\"auto, (max-width: 480px) 150px\" src=\"https:\/\/tssctambores.com.br\/tssc\/wp-content\/uploads\/2024\/03\/Group-38-1-1.png\" alt=\"\" class=\"uag-image-935\" width=\"895\" height=\"800\" title=\"Group-38-1-1\" loading=\"lazy\" role=\"img\"\/><\/figure><\/div>\n<\/div>\n<\/div>\n\n\n\n<div class=\"wp-block-uagb-container uag-hide-desktop uag-hide-tab uagb-block-ccd10586 alignfull uagb-is-root-container\">\n<div class=\"wp-block-uagb-container uag-hide-desktop uag-hide-tab uagb-block-8c8ec48f\">\n<div class=\"wp-block-uagb-container uagb-block-9cc889ce\">\n<p class=\"has-text-align-center has-ast-global-color-0-color has-text-color has-link-color has-large-font-size wp-elements-9841f955d77d8cd369ad21d9a8ad73b1\" style=\"margin-top:var(--wp--preset--spacing--80);margin-right:0;margin-bottom:0;margin-left:0;letter-spacing:23px\">NOSSA<\/p>\n<\/div>\n\n\n\n<div class=\"wp-block-uagb-container uagb-block-e18561ce\">\n<p class=\"has-text-align-center has-ast-global-color-5-color has-text-color has-link-color has-large-font-size wp-elements-eb2d9d1c382eed7c7deb272db0b9821c\" style=\"margin-top:0;margin-right:0;margin-bottom:0;margin-left:0;letter-spacing:20px\">MISS\u00c3O<\/p>\n<\/div>\n\n\n\n<h2 class=\"wp-block-heading alignfull has-text-align-center has-ast-global-color-8-color has-text-color has-link-color has-medium-font-size wp-elements-839bb6feffba14c0951f6598d6d85ee7\" style=\"margin-top:var(--wp--preset--spacing--80);margin-bottom:0\">Buscar a qualidade total em recupera\u00e7\u00e3o de tambores e com\u00e9rcio de equipamentos industriais, atrav\u00e9s de solu\u00e7\u00f5es eficazes que atendam as necessidades de nossos clientes e parceiros.<\/h2>\n<\/div>\n<\/div>\n\n\n\n<div class=\"wp-block-uagb-container uag-hide-mob uagb-block-3900f761 alignfull uagb-is-root-container\">\n<div class=\"wp-block-uagb-container uag-hide-mob uagb-block-00e45a18\">\n<div class=\"wp-block-uagb-container uagb-block-fd0dd1df\">\n<p class=\"has-text-align-center has-ast-global-color-0-color has-text-color has-link-color has-x-large-font-size wp-elements-d56b8e28182863c4f8bd88effff17b46\" style=\"margin-top:0;margin-right:0;margin-bottom:0;margin-left:0;letter-spacing:7.5vh\">NOSSA<\/p>\n<\/div>\n\n\n\n<div class=\"wp-block-uagb-container uagb-block-fad78eb9\">\n<p class=\"has-text-align-center has-ast-global-color-5-color has-text-color has-link-color has-x-large-font-size wp-elements-c91a96cd42097cc4d64700b274850618\" style=\"margin-top:0;margin-right:0;margin-bottom:0;margin-left:0;letter-spacing:6vh\">MISS\u00c3O<\/p>\n<\/div>\n\n\n\n<h2 class=\"wp-block-heading has-text-align-center has-ast-global-color-8-color has-text-color has-link-color has-large-font-size wp-elements-c6bc8eb318ccac218c8c8514406f41b1\" style=\"margin-top:var(--wp--preset--spacing--80);margin-bottom:var(--wp--preset--spacing--80)\">Buscar a qualidade total em recupera\u00e7\u00e3o de tambores e com\u00e9rcio de equipamentos industriais, atrav\u00e9s de solu\u00e7\u00f5es eficazes que atendam as necessidades de nossos clientes e parceiros.<\/h2>\n<\/div>\n<\/div>\n\n\n\n<div id=\"<a-href=&quot;https:\/\/tssctambores.com.br\/tssc\/produtos\/&quot;&gt;About-Us<\/a&gt;\" class=\"wp-block-uagb-container uag-hide-mob uagb-block-1ab923f9 alignfull uagb-is-root-container\"><div class=\"uagb-container-inner-blocks-wrap\">\n<div class=\"wp-block-uagb-container uagb-block-9d413f5e\">\n<div class=\"wp-block-uagb-container uagb-block-568e1074\">\n<h1 class=\"wp-block-heading has-ast-global-color-0-color has-text-color has-link-color wp-elements-44da15f9af6c52c39a861f50bf195df8\" style=\"font-size:72px\">Confira o nosso <br>cat\u00e1logo de produtos!<\/h1>\n<\/div>\n\n\n\n<div class=\"wp-block-uagb-container uagb-layout-flex uagb-block-7d1a670a\">\n<div class=\"wp-block-uagb-buttons uagb-buttons__outer-wrap uagb-btn__default-btn uagb-btn-tablet__default-btn uagb-btn-mobile__default-btn uagb-block-101b4be5\"><div class=\"uagb-buttons__wrap uagb-buttons-layout-wrap \">\n<div class=\"wp-block-uagb-buttons-child uagb-buttons__outer-wrap uagb-block-7f0c5099 wp-block-button\"><div class=\"uagb-button__wrapper\"><a class=\"uagb-buttons-repeater wp-block-button__link\" aria-label=\"\" href=\"produtos\" rel=\"follow noopener\" target=\"_self\" role=\"button\"><div class=\"uagb-button__link\">VER CAT\u00c1LOGO<\/div><\/a><\/div><\/div>\n<\/div><\/div>\n<\/div>\n<\/div>\n<\/div><\/div>\n\n\n\n<div id=\"<a-href=&quot;https:\/\/tssctambores.com.br\/tssc\/produtos\/&quot;&gt;About-Us<\/a&gt;\" class=\"wp-block-uagb-container uag-hide-desktop uag-hide-tab uagb-block-9ad9bd98 alignfull uagb-is-root-container\"><div class=\"uagb-container-inner-blocks-wrap\">\n<div class=\"wp-block-uagb-container uagb-block-1d7a516e\">\n<div class=\"wp-block-uagb-container uagb-block-024aaba1\">\n<h1 class=\"wp-block-heading has-ast-global-color-0-color has-text-color has-link-color has-medium-font-size wp-elements-f7d7eee64521aea5739cd2aa956d2824\">Confira o nosso <br>cat\u00e1logo de produtos!<\/h1>\n<\/div>\n\n\n\n<div class=\"wp-block-uagb-container uagb-layout-flex uagb-block-276d610d\">\n<div class=\"wp-block-uagb-buttons uagb-buttons__outer-wrap uagb-btn__default-btn uagb-btn-tablet__default-btn uagb-btn-mobile__default-btn uagb-block-fd74708e\"><div class=\"uagb-buttons__wrap uagb-buttons-layout-wrap \">\n<div class=\"wp-block-uagb-buttons-child uagb-buttons__outer-wrap uagb-block-2946f71c wp-block-button\"><div class=\"uagb-button__wrapper\"><a class=\"uagb-buttons-repeater wp-block-button__link\" aria-label=\"\" href=\"produtos\" rel=\"follow noopener\" target=\"_self\" role=\"button\"><div class=\"uagb-button__link\">VER CAT\u00c1LOGO<\/div><\/a><\/div><\/div>\n<\/div><\/div>\n<\/div>\n<\/div>\n<\/div><\/div>\n\n\n\n<div class=\"wp-block-uagb-container uag-hide-mob uagb-block-97959753 alignfull uagb-is-root-container\"><div class=\"uagb-container-inner-blocks-wrap\">\n<div class=\"wp-block-uagb-container uagb-block-49816172\">\n<div class=\"wp-block-uagb-container uagb-block-c34c5993\">\n<h1 class=\"wp-block-heading alignfull has-text-align-center has-ast-global-color-5-color has-text-color has-link-color wp-elements-d20c20e350743d65f26178fee0040275\" style=\"font-size:52px\"><strong>Ao comprar as embalagens recuperadas da TSSC Tambores<\/strong>, al\u00e9m de colaborar com a preserva\u00e7\u00e3o do meio ambiente<\/h1>\n<\/div>\n\n\n\n<div class=\"wp-block-uagb-container uagb-block-6deb71ad\">\n<h2 class=\"wp-block-heading alignfull has-text-align-center has-ast-global-color-5-color has-text-color has-link-color wp-elements-2e245885d4500be82ff0bd05ae3b939c\" style=\"font-size:52px\"><strong>voc\u00ea gera vantagens para sua empresa, podendo economizar at\u00e9 50% na compra de embalagens<\/strong>, obtendo um excelente custo-benef\u00edcio em armazenagem.<\/h2>\n<\/div>\n<\/div>\n<\/div><\/div>\n\n\n\n<div class=\"wp-block-uagb-container uag-hide-desktop uag-hide-tab uagb-block-4091f76d alignfull uagb-is-root-container\"><div class=\"uagb-container-inner-blocks-wrap\">\n<div class=\"wp-block-uagb-container uagb-block-8ad2100e\">\n<div class=\"wp-block-uagb-container uagb-block-febc54e5\">\n<h1 class=\"wp-block-heading alignfull has-text-align-center has-ast-global-color-5-color has-text-color has-link-color wp-elements-f64b6f96c7c8fd03cfc950e48174ada0\" style=\"font-size:25px\"><strong>Ao comprar as embalagens recuperadas da TSSC Tambores<\/strong>, al\u00e9m de colaborar com a preserva\u00e7\u00e3o do meio ambiente<\/h1>\n<\/div>\n\n\n\n<div class=\"wp-block-uagb-container uagb-block-2fb3d427\">\n<h2 class=\"wp-block-heading alignfull has-text-align-center has-ast-global-color-5-color has-text-color has-link-color wp-elements-ca12e98023f4fe46929d4ba348898e2b\" style=\"font-size:25px\"><strong>voc\u00ea gera vantagens para sua empresa, podendo economizar at\u00e9 50% na compra de embalagens<\/strong>, obtendo um excelente custo-benef\u00edcio em armazenagem.<\/h2>\n<\/div>\n<\/div>\n<\/div><\/div>\n\n\n\n<div id=\"<a-href=&quot;https:\/\/tssctambores.com.br\/tssc\/produtos\/&quot;&gt;About-Us<\/a&gt;\" class=\"wp-block-uagb-container uag-hide-mob uagb-block-dd531d56 alignfull uagb-is-root-container\"><div class=\"uagb-container-inner-blocks-wrap\">\n<div class=\"wp-block-uagb-container uagb-block-c0f62a20\">\n<div class=\"wp-block-uagb-container uagb-block-e0e78130\">\n<h1 class=\"wp-block-heading has-ast-global-color-0-color has-text-color has-link-color wp-elements-6f74d74a9eed2576b5b935cbb1ce9066\" style=\"font-size:72px\">Veja quais ramos de ind\u00fastria n\u00f3s atendemos!<\/h1>\n<\/div>\n\n\n\n<div class=\"wp-block-uagb-container uagb-layout-flex uagb-block-b18b84cb\">\n<div class=\"wp-block-uagb-buttons uagb-buttons__outer-wrap uagb-btn__default-btn uagb-btn-tablet__default-btn uagb-btn-mobile__default-btn uagb-block-9a6f092d\"><div class=\"uagb-buttons__wrap uagb-buttons-layout-wrap \">\n<div class=\"wp-block-uagb-buttons-child uagb-buttons__outer-wrap uagb-block-be5d0697 wp-block-button\"><div class=\"uagb-button__wrapper\"><a class=\"uagb-buttons-repeater wp-block-button__link\" aria-label=\"\" href=\"servicos-e-solucoes\" rel=\"follow noopener\" target=\"_self\" role=\"button\"><div class=\"uagb-button__link\">CONHE\u00c7A NOSSOS SERVI\u00c7OS<\/div><\/a><\/div><\/div>\n<\/div><\/div>\n<\/div>\n<\/div>\n<\/div><\/div>\n\n\n\n<div id=\"<a-href=&quot;https:\/\/tssctambores.com.br\/tssc\/produtos\/&quot;&gt;About-Us<\/a&gt;\" class=\"wp-block-uagb-container uag-hide-desktop uag-hide-tab uagb-block-ea4bfecd alignfull uagb-is-root-container\"><div class=\"uagb-container-inner-blocks-wrap\">\n<div class=\"wp-block-uagb-container uagb-block-48b1a884\">\n<div class=\"wp-block-uagb-container uagb-block-85815898\">\n<h1 class=\"wp-block-heading has-ast-global-color-0-color has-text-color has-link-color wp-elements-ff7700a96b4cfa3bae6bde742919ab6f\" style=\"font-size:16px\">Veja quais ramos de ind\u00fastria n\u00f3s atendemos!<\/h1>\n<\/div>\n\n\n\n<div class=\"wp-block-uagb-container uagb-layout-flex uagb-block-17d307c8\">\n<div class=\"wp-block-uagb-buttons uagb-buttons__outer-wrap uagb-btn__default-btn uagb-btn-tablet__default-btn uagb-btn-mobile__default-btn uagb-block-b823eae8\"><div class=\"uagb-buttons__wrap uagb-buttons-layout-wrap \">\n<div class=\"wp-block-uagb-buttons-child uagb-buttons__outer-wrap uagb-block-d3bf78d1 wp-block-button\"><div class=\"uagb-button__wrapper\"><a class=\"uagb-buttons-repeater wp-block-button__link\" aria-label=\"\" href=\"servicos-e-solucoes\" rel=\"follow noopener\" target=\"_self\" role=\"button\"><div class=\"uagb-button__link\">CONHE\u00c7A NOSSOS SERVI\u00c7OS<\/div><\/a><\/div><\/div>\n<\/div><\/div>\n<\/div>\n<\/div>\n<\/div><\/div>\n\n\n\n<div class=\"wp-block-uagb-container uagb-block-3adfc2fb default uagb-is-root-container\">\n<div class=\"wp-block-uagb-image aligncenter uagb-block-135d7c0f wp-block-uagb-image--layout-default wp-block-uagb-image--effect-static wp-block-uagb-image--align-center\"><figure class=\"wp-block-uagb-image__figure\"><img decoding=\"async\" srcset=\"https:\/\/tssctambores.com.br\/tssc\/wp-content\/uploads\/2024\/03\/oNDE-ESTAMOS-1024x41.png ,https:\/\/tssctambores.com.br\/tssc\/wp-content\/uploads\/2024\/03\/oNDE-ESTAMOS.png 780w, https:\/\/tssctambores.com.br\/tssc\/wp-content\/uploads\/2024\/03\/oNDE-ESTAMOS-1024x41.png 360w\" sizes=\"auto, (max-width: 480px) 150px\" src=\"https:\/\/tssctambores.com.br\/tssc\/wp-content\/uploads\/2024\/03\/oNDE-ESTAMOS-1024x41.png\" alt=\"\" class=\"uag-image-1034\" width=\"1024\" height=\"41\" title=\"oNDE ESTAMOS\" loading=\"lazy\" role=\"img\"\/><\/figure><\/div>\n<\/div>\n\n\n\n<div class=\"wp-block-uagb-container uagb-block-b447c0e5 alignfull uagb-is-root-container\">\n<div class=\"wp-block-uagb-container uagb-block-00219df9\">\t\t\t<div \n\t\t\tclass=\"wp-block-uagb-google-map uagb-google-map__wrap uagb-block-5a5c8b61     \"\n\t\t\tstyle=\"\" >\n\t\t\t\t<embed\n\t\t\t\t\tclass=\"uagb-google-map__iframe\"\n\t\t\t\t\ttitle=\"Google Map for \"\n\t\t\t\t\tsrc=\"https:\/\/maps.google.com\/maps?q=R.%20Rio%20Araguaia%2C%2050%20-%20Jardim%20Jockei%20Club%20A%2C%20S%C3%A3o%20Carlos%20-%20SP%2C%2013565-040%2C%20Brasil&#038;z=14&#038;hl=pt&#038;t=m&#038;output=embed&#038;iwloc=near\"\n\t\t\t\t\twidth=\"640\"\n\t\t\t\t\theight=\"500\"\n\t\t\t\t\tloading=\"lazy\"\n\t\t\t\t><\/embed>\n\t\t\t<\/div>\n\t\t\t\n\n\n<div class=\"wp-block-uagb-container uagb-block-8e5234a9\">\n<div class=\"wp-block-uagb-advanced-heading uagb-block-921aad0e\"><h2 class=\"uagb-heading-text\">COMERCIAL<\/h2><\/div>\n<\/div>\n<\/div>\n\n\n\n<div class=\"wp-block-uagb-container uagb-block-c3892028\">\t\t\t<div \n\t\t\tclass=\"wp-block-uagb-google-map uagb-google-map__wrap uagb-block-155d1a98     \"\n\t\t\tstyle=\"\" >\n\t\t\t\t<embed\n\t\t\t\t\tclass=\"uagb-google-map__iframe\"\n\t\t\t\t\ttitle=\"Google Map for \"\n\t\t\t\t\tsrc=\"https:\/\/maps.google.com\/maps?q=21%C2%B054%2751.9%22S%2048%C2%B003%2709.8%22W&#038;z=15&#038;hl=pt&#038;t=m&#038;output=embed&#038;iwloc=near\"\n\t\t\t\t\twidth=\"640\"\n\t\t\t\t\theight=\"500\"\n\t\t\t\t\tloading=\"lazy\"\n\t\t\t\t><\/embed>\n\t\t\t<\/div>\n\t\t\t\n\n\n<div class=\"wp-block-uagb-container uagb-block-6e374486\">\n<div class=\"wp-block-uagb-advanced-heading uagb-block-f4930e66\"><h2 class=\"uagb-heading-text\">IND\u00daSTRIA<\/h2><\/div>\n<\/div>\n<\/div>\n<\/div>\n","protected":false},"excerpt":{"rendered":"<p>A TSSC Tambores foi fundada em 1999 com o compromisso de recuperar tambores de alta qualidade e satisfazer os consumidores mais exigentes, buscando a excel\u00eancia de nossos produtos, servi\u00e7os e uma maior confian\u00e7a de nossos clientes. A TSSC Tambores foi fundada em 1999 com o compromisso de recuperar tambores de alta qualidade e satisfazer os [&hellip;]<\/p>\n","protected":false},"author":1,"featured_media":0,"parent":0,"menu_order":0,"comment_status":"closed","ping_status":"closed","template":"","meta":{"_uag_custom_page_level_css":"","site-sidebar-layout":"default","site-content-layout":"page-builder","ast-site-content-layout":"full-width-container","site-content-style":"unboxed","site-sidebar-style":"unboxed","ast-global-header-display":"","ast-banner-title-visibility":"","ast-main-header-display":"","ast-hfb-above-header-display":"","ast-hfb-below-header-display":"","ast-hfb-mobile-header-display":"","site-post-title":"disabled","ast-breadcrumbs-content":"","ast-featured-img":"","footer-sml-layout":"","theme-transparent-header-meta":"enabled","adv-header-id-meta":"","stick-header-meta":"","header-above-stick-meta":"","header-main-stick-meta":"","header-below-stick-meta":"","astra-migrate-meta-layouts":"set","ast-page-background-enabled":"default","ast-page-background-meta":{"desktop":{"background-color":"var(--ast-global-color-4)","background-image":"","background-repeat":"repeat","background-position":"center center","background-size":"auto","background-attachment":"scroll","background-type":"","background-media":"","overlay-type":"","overlay-color":"","overlay-opacity":"","overlay-gradient":""},"tablet":{"background-color":"","background-image":"","background-repeat":"repeat","background-position":"center center","background-size":"auto","background-attachment":"scroll","background-type":"","background-media":"","overlay-type":"","overlay-color":"","overlay-opacity":"","overlay-gradient":""},"mobile":{"background-color":"","background-image":"","background-repeat":"repeat","background-position":"center center","background-size":"auto","background-attachment":"scroll","background-type":"","background-media":"","overlay-type":"","overlay-color":"","overlay-opacity":"","overlay-gradient":""}},"ast-content-background-meta":{"desktop":{"background-color":"var(--ast-global-color-5)","background-image":"","background-repeat":"repeat","background-position":"center center","background-size":"auto","background-attachment":"scroll","background-type":"","background-media":"","overlay-type":"","overlay-color":"","overlay-opacity":"","overlay-gradient":""},"tablet":{"background-color":"var(--ast-global-color-5)","background-image":"","background-repeat":"repeat","background-position":"center center","background-size":"auto","background-attachment":"scroll","background-type":"","background-media":"","overlay-type":"","overlay-color":"","overlay-opacity":"","overlay-gradient":""},"mobile":{"background-color":"var(--ast-global-color-5)","background-image":"","background-repeat":"repeat","background-position":"center center","background-size":"auto","background-attachment":"scroll","background-type":"","background-media":"","overlay-type":"","overlay-color":"","overlay-opacity":"","overlay-gradient":""}},"_joinchat":[],"footnotes":""},"class_list":["post-78","page","type-page","status-publish","hentry"],"aioseo_notices":[],"uagb_featured_image_src":{"full":false,"thumbnail":false,"medium":false,"medium_large":false,"large":false,"1536x1536":false,"2048x2048":false,"woocommerce_thumbnail":false,"woocommerce_single":false,"woocommerce_gallery_thumbnail":false},"uagb_author_info":{"display_name":"wordpress.tssctambores.com","author_link":"https:\/\/tssctambores.com.br\/tssc\/author\/wordpress-tssctambores-com\/"},"uagb_comment_info":0,"uagb_excerpt":"A TSSC Tambores foi fundada em 1999 com o compromisso de recuperar tambores de alta qualidade e satisfazer os consumidores mais exigentes, buscando a excel\u00eancia de nossos produtos, servi\u00e7os e uma maior confian\u00e7a de nossos clientes. A TSSC Tambores foi fundada em 1999 com o compromisso de recuperar tambores de alta qualidade e satisfazer os&hellip;","_links":{"self":[{"href":"https:\/\/tssctambores.com.br\/tssc\/wp-json\/wp\/v2\/pages\/78","targetHints":{"allow":["GET"]}}],"collection":[{"href":"https:\/\/tssctambores.com.br\/tssc\/wp-json\/wp\/v2\/pages"}],"about":[{"href":"https:\/\/tssctambores.com.br\/tssc\/wp-json\/wp\/v2\/types\/page"}],"author":[{"embeddable":true,"href":"https:\/\/tssctambores.com.br\/tssc\/wp-json\/wp\/v2\/users\/1"}],"replies":[{"embeddable":true,"href":"https:\/\/tssctambores.com.br\/tssc\/wp-json\/wp\/v2\/comments?post=78"}],"version-history":[{"count":347,"href":"https:\/\/tssctambores.com.br\/tssc\/wp-json\/wp\/v2\/pages\/78\/revisions"}],"predecessor-version":[{"id":2088,"href":"https:\/\/tssctambores.com.br\/tssc\/wp-json\/wp\/v2\/pages\/78\/revisions\/2088"}],"wp:attachment":[{"href":"https:\/\/tssctambores.com.br\/tssc\/wp-json\/wp\/v2\/media?parent=78"}],"curies":[{"name":"wp","href":"https:\/\/api.w.org\/{rel}","templated":true}]}}