{"id":1062,"date":"2024-03-11T21:13:12","date_gmt":"2024-03-12T00:13:12","guid":{"rendered":"https:\/\/tssctambores.com.br\/tssc\/?page_id=1062"},"modified":"2024-05-19T21:17:38","modified_gmt":"2024-05-20T00:17:38","slug":"empresa","status":"publish","type":"page","link":"https:\/\/tssctambores.com.br\/tssc\/empresa\/","title":{"rendered":"Empresa"},"content":{"rendered":"\n<div class=\"wp-block-uagb-container uagb-block-7645e30e alignfull uagb-is-root-container\"><div class=\"uagb-container-inner-blocks-wrap\"><\/div><\/div>\n\n\n\n<div class=\"wp-block-uagb-container uag-hide-tab uag-hide-mob uagb-block-86f47d01 alignfull uagb-is-root-container\">\n<div class=\"wp-block-uagb-container uagb-block-ceef162a\">\n<div class=\"wp-block-uagb-container uagb-block-85afaf28\">\n<div class=\"wp-block-uagb-advanced-heading uagb-block-17dd01f2\"><h2 class=\"uagb-heading-text\"><strong>A TSSC Tambores foi fundada em 1999 com o compromisso de recuperar tambores de alta qualidade e proporcionar aos consumidores<\/strong> a excel\u00eancia de nossos produtos e servi\u00e7os e uma maior confian\u00e7a de nossos clientes.<\/h2><\/div>\n\n\n\n<div class=\"wp-block-uagb-advanced-heading uagb-block-170b908b\"><h2 class=\"uagb-heading-text\"><br>A atua\u00e7\u00e3o no setor de recupera\u00e7\u00e3o de tambores e com\u00e9rcio de equipamentos est\u00e1 alinhada com as demandas globais contempor\u00e2neas, que buscam solu\u00e7\u00f5es sustent\u00e1veis para o reaproveitamento de materiais, combinadas com a preocupa\u00e7\u00e3o ambiental.<\/h2><\/div>\n<\/div>\n<\/div>\n<\/div>\n\n\n\n<div class=\"wp-block-uagb-container uag-hide-mob uagb-block-e626d930 alignfull uagb-is-root-container\"><div class=\"uagb-container-inner-blocks-wrap\">\n<div class=\"wp-block-uagb-container uagb-block-e9e0009b\"><\/div>\n<\/div><\/div>\n\n\n\n<div class=\"wp-block-uagb-container uag-hide-desktop uag-hide-tab uagb-block-19ab3146 alignfull uagb-is-root-container\"><\/div>\n\n\n\n<div class=\"wp-block-uagb-container uagb-block-21ca3ee1 alignfull uagb-is-root-container\"><div class=\"uagb-container-inner-blocks-wrap\"><\/div><\/div>\n\n\n\n<div class=\"wp-block-uagb-container uagb-block-9824f7fc alignfull uagb-is-root-container\"><\/div>\n","protected":false},"excerpt":{"rendered":"<p>A TSSC Tambores foi fundada em 1999 com o compromisso de recuperar tambores de alta qualidade e proporcionar aos consumidores a excel\u00eancia de nossos produtos e servi\u00e7os e uma maior confian\u00e7a de nossos clientes. A atua\u00e7\u00e3o no setor de recupera\u00e7\u00e3o de tambores e com\u00e9rcio de equipamentos est\u00e1 alinhada com as demandas globais contempor\u00e2neas, que buscam [&hellip;]<\/p>\n","protected":false},"author":1,"featured_media":0,"parent":0,"menu_order":0,"comment_status":"closed","ping_status":"closed","template":"","meta":{"_uag_custom_page_level_css":"","site-sidebar-layout":"default","site-content-layout":"","ast-site-content-layout":"default","site-content-style":"default","site-sidebar-style":"default","ast-global-header-display":"","ast-banner-title-visibility":"","ast-main-header-display":"","ast-hfb-above-header-display":"","ast-hfb-below-header-display":"","ast-hfb-mobile-header-display":"","site-post-title":"disabled","ast-breadcrumbs-content":"","ast-featured-img":"","footer-sml-layout":"","theme-transparent-header-meta":"","adv-header-id-meta":"","stick-header-meta":"","header-above-stick-meta":"","header-main-stick-meta":"","header-below-stick-meta":"","astra-migrate-meta-layouts":"set","ast-page-background-enabled":"default","ast-page-background-meta":{"desktop":{"background-color":"var(--ast-global-color-4)","background-image":"","background-repeat":"repeat","background-position":"center center","background-size":"auto","background-attachment":"scroll","background-type":"","background-media":"","overlay-type":"","overlay-color":"","overlay-opacity":"","overlay-gradient":""},"tablet":{"background-color":"","background-image":"","background-repeat":"repeat","background-position":"center center","background-size":"auto","background-attachment":"scroll","background-type":"","background-media":"","overlay-type":"","overlay-color":"","overlay-opacity":"","overlay-gradient":""},"mobile":{"background-color":"","background-image":"","background-repeat":"repeat","background-position":"center center","background-size":"auto","background-attachment":"scroll","background-type":"","background-media":"","overlay-type":"","overlay-color":"","overlay-opacity":"","overlay-gradient":""}},"ast-content-background-meta":{"desktop":{"background-color":"var(--ast-global-color-5)","background-image":"","background-repeat":"repeat","background-position":"center center","background-size":"auto","background-attachment":"scroll","background-type":"","background-media":"","overlay-type":"","overlay-color":"","overlay-opacity":"","overlay-gradient":""},"tablet":{"background-color":"var(--ast-global-color-5)","background-image":"","background-repeat":"repeat","background-position":"center center","background-size":"auto","background-attachment":"scroll","background-type":"","background-media":"","overlay-type":"","overlay-color":"","overlay-opacity":"","overlay-gradient":""},"mobile":{"background-color":"var(--ast-global-color-5)","background-image":"","background-repeat":"repeat","background-position":"center center","background-size":"auto","background-attachment":"scroll","background-type":"","background-media":"","overlay-type":"","overlay-color":"","overlay-opacity":"","overlay-gradient":""}},"_joinchat":[],"footnotes":""},"class_list":["post-1062","page","type-page","status-publish","hentry"],"aioseo_notices":[],"uagb_featured_image_src":{"full":false,"thumbnail":false,"medium":false,"medium_large":false,"large":false,"1536x1536":false,"2048x2048":false,"woocommerce_thumbnail":false,"woocommerce_single":false,"woocommerce_gallery_thumbnail":false},"uagb_author_info":{"display_name":"wordpress.tssctambores.com","author_link":"https:\/\/tssctambores.com.br\/tssc\/author\/wordpress-tssctambores-com\/"},"uagb_comment_info":0,"uagb_excerpt":"A TSSC Tambores foi fundada em 1999 com o compromisso de recuperar tambores de alta qualidade e proporcionar aos consumidores a excel\u00eancia de nossos produtos e servi\u00e7os e uma maior confian\u00e7a de nossos clientes. A atua\u00e7\u00e3o no setor de recupera\u00e7\u00e3o de tambores e com\u00e9rcio de equipamentos est\u00e1 alinhada com as demandas globais contempor\u00e2neas, que buscam&hellip;","_links":{"self":[{"href":"https:\/\/tssctambores.com.br\/tssc\/wp-json\/wp\/v2\/pages\/1062","targetHints":{"allow":["GET"]}}],"collection":[{"href":"https:\/\/tssctambores.com.br\/tssc\/wp-json\/wp\/v2\/pages"}],"about":[{"href":"https:\/\/tssctambores.com.br\/tssc\/wp-json\/wp\/v2\/types\/page"}],"author":[{"embeddable":true,"href":"https:\/\/tssctambores.com.br\/tssc\/wp-json\/wp\/v2\/users\/1"}],"replies":[{"embeddable":true,"href":"https:\/\/tssctambores.com.br\/tssc\/wp-json\/wp\/v2\/comments?post=1062"}],"version-history":[{"count":248,"href":"https:\/\/tssctambores.com.br\/tssc\/wp-json\/wp\/v2\/pages\/1062\/revisions"}],"predecessor-version":[{"id":2108,"href":"https:\/\/tssctambores.com.br\/tssc\/wp-json\/wp\/v2\/pages\/1062\/revisions\/2108"}],"wp:attachment":[{"href":"https:\/\/tssctambores.com.br\/tssc\/wp-json\/wp\/v2\/media?parent=1062"}],"curies":[{"name":"wp","href":"https:\/\/api.w.org\/{rel}","templated":true}]}}